{"id":199,"date":"2025-03-16T17:16:09","date_gmt":"2025-03-16T23:16:09","guid":{"rendered":"https:\/\/webvillas.hotellosrios.com\/?page_id=199"},"modified":"2025-04-07T12:56:35","modified_gmt":"2025-04-07T18:56:35","slug":"nuestras-villas","status":"publish","type":"page","link":"https:\/\/hotellosrios.com\/webvillas\/nuestras-villas\/","title":{"rendered":"Nuestras Villas"},"content":{"rendered":"\t\t<div data-elementor-type=\"wp-page\" data-elementor-id=\"199\" class=\"elementor elementor-199\" data-elementor-post-type=\"page\">\n\t\t\t\t<div class=\"elementor-element elementor-element-45908d0 e-flex e-con-boxed e-con e-parent\" data-id=\"45908d0\" data-element_type=\"container\" data-e-type=\"container\" data-settings=\"{&quot;background_background&quot;:&quot;classic&quot;,&quot;hoteller_ext_is_background_parallax&quot;:&quot;false&quot;,&quot;hoteller_ext_is_background_backdrop&quot;:&quot;false&quot;,&quot;hoteller_ext_is_background_on_scroll&quot;:&quot;false&quot;,&quot;hoteller_ext_link_sidemenu&quot;:&quot;false&quot;,&quot;hoteller_ext_link_fullmenu&quot;:&quot;false&quot;,&quot;hoteller_ext_link_closed_fullmenu&quot;:&quot;false&quot;,&quot;hoteller_ext_is_scrollme&quot;:&quot;false&quot;,&quot;hoteller_ext_is_smoove&quot;:&quot;false&quot;,&quot;hoteller_ext_is_parallax_mouse&quot;:&quot;false&quot;,&quot;hoteller_ext_is_infinite&quot;:&quot;false&quot;,&quot;hoteller_ext_is_fadeout_animation&quot;:&quot;false&quot;,&quot;hoteller_ext_mobile_static&quot;:&quot;false&quot;}\">\n\t\t\t\t\t<div class=\"e-con-inner\">\n\t\t\t\t<div class=\"elementor-element elementor-element-7ac49c7 elementor-widget elementor-widget-heading\" data-id=\"7ac49c7\" data-element_type=\"widget\" data-e-type=\"widget\" data-settings=\"{&quot;hoteller_ext_link_sidemenu&quot;:&quot;false&quot;,&quot;hoteller_ext_link_fullmenu&quot;:&quot;false&quot;,&quot;hoteller_ext_link_closed_fullmenu&quot;:&quot;false&quot;,&quot;hoteller_ext_is_scrollme&quot;:&quot;false&quot;,&quot;hoteller_ext_is_smoove&quot;:&quot;false&quot;,&quot;hoteller_ext_is_parallax_mouse&quot;:&quot;false&quot;,&quot;hoteller_ext_is_infinite&quot;:&quot;false&quot;,&quot;hoteller_ext_is_fadeout_animation&quot;:&quot;false&quot;,&quot;hoteller_ext_mobile_static&quot;:&quot;false&quot;}\" data-widget_type=\"heading.default\">\n\t\t\t\t<div class=\"elementor-widget-container\">\n\t\t\t\t\t<h2 class=\"elementor-heading-title elementor-size-default\">Nuestras Villas<\/h2>\t\t\t\t<\/div>\n\t\t\t\t<\/div>\n\t\t\t\t\t<\/div>\n\t\t\t\t<\/div>\n\t\t<div class=\"elementor-element elementor-element-99f74fe e-flex e-con-boxed e-con e-parent\" data-id=\"99f74fe\" data-element_type=\"container\" data-e-type=\"container\" data-settings=\"{&quot;hoteller_ext_is_background_parallax&quot;:&quot;false&quot;,&quot;hoteller_ext_is_background_backdrop&quot;:&quot;false&quot;,&quot;hoteller_ext_is_background_on_scroll&quot;:&quot;false&quot;,&quot;hoteller_ext_link_sidemenu&quot;:&quot;false&quot;,&quot;hoteller_ext_link_fullmenu&quot;:&quot;false&quot;,&quot;hoteller_ext_link_closed_fullmenu&quot;:&quot;false&quot;,&quot;hoteller_ext_is_scrollme&quot;:&quot;false&quot;,&quot;hoteller_ext_is_smoove&quot;:&quot;false&quot;,&quot;hoteller_ext_is_parallax_mouse&quot;:&quot;false&quot;,&quot;hoteller_ext_is_infinite&quot;:&quot;false&quot;,&quot;hoteller_ext_is_fadeout_animation&quot;:&quot;false&quot;,&quot;hoteller_ext_mobile_static&quot;:&quot;false&quot;}\">\n\t\t\t\t\t<div class=\"e-con-inner\">\n\t\t\t\t<div class=\"elementor-element elementor-element-a34797c elementor-widget elementor-widget-text-editor\" data-id=\"a34797c\" data-element_type=\"widget\" data-e-type=\"widget\" data-settings=\"{&quot;hoteller_ext_link_sidemenu&quot;:&quot;false&quot;,&quot;hoteller_ext_link_fullmenu&quot;:&quot;false&quot;,&quot;hoteller_ext_link_closed_fullmenu&quot;:&quot;false&quot;,&quot;hoteller_ext_is_scrollme&quot;:&quot;false&quot;,&quot;hoteller_ext_is_smoove&quot;:&quot;false&quot;,&quot;hoteller_ext_is_parallax_mouse&quot;:&quot;false&quot;,&quot;hoteller_ext_is_infinite&quot;:&quot;false&quot;,&quot;hoteller_ext_is_fadeout_animation&quot;:&quot;false&quot;,&quot;hoteller_ext_mobile_static&quot;:&quot;false&quot;}\" data-widget_type=\"text-editor.default\">\n\t\t\t\t<div class=\"elementor-widget-container\">\n\t\t\t\t\t\t\t\t\t<p>Ubicadas en el coraz\u00f3n del Caribe costarricense, nuestras exclusivas villas en Villas R\u00edos del Caribe ofrecen el equilibrio perfecto entre lujo, comodidad y naturaleza. Dise\u00f1adas para brindar una experiencia inolvidable, cada villa cuenta con interiores amplios, comodidades modernas y un ambiente acogedor rodeado de exuberante vegetaci\u00f3n tropical. Ya sea que elijas una Villa Deluxe con piscina privada o una Villa Accesible con piscina compartida y acceso adaptado, disfrutar\u00e1s de un refugio exclusivo con aire acondicionado, cocina totalmente equipada, \u00e1reas de descanso al aire libre y WIFI de alta velocidad. Todo esto a solo minutos de la impresionante Playa Negra, donde la serenidad y la belleza natural se combinan para crear una experiencia verdaderamente \u00fanica.<\/p>\t\t\t\t\t\t\t\t<\/div>\n\t\t\t\t<\/div>\n\t\t\t\t\t<\/div>\n\t\t\t\t<\/div>\n\t\t<div class=\"elementor-element elementor-element-9ce0dee e-flex e-con-boxed e-con e-parent\" data-id=\"9ce0dee\" data-element_type=\"container\" data-e-type=\"container\" data-settings=\"{&quot;hoteller_ext_is_background_parallax&quot;:&quot;false&quot;,&quot;hoteller_ext_is_background_backdrop&quot;:&quot;false&quot;,&quot;hoteller_ext_is_background_on_scroll&quot;:&quot;false&quot;,&quot;hoteller_ext_link_sidemenu&quot;:&quot;false&quot;,&quot;hoteller_ext_link_fullmenu&quot;:&quot;false&quot;,&quot;hoteller_ext_link_closed_fullmenu&quot;:&quot;false&quot;,&quot;hoteller_ext_is_scrollme&quot;:&quot;false&quot;,&quot;hoteller_ext_is_smoove&quot;:&quot;false&quot;,&quot;hoteller_ext_is_parallax_mouse&quot;:&quot;false&quot;,&quot;hoteller_ext_is_infinite&quot;:&quot;false&quot;,&quot;hoteller_ext_is_fadeout_animation&quot;:&quot;false&quot;,&quot;hoteller_ext_mobile_static&quot;:&quot;false&quot;}\">\n\t\t\t\t\t<div class=\"e-con-inner\">\n\t\t\t\t<div class=\"elementor-element elementor-element-ad8d44f elementor-widget elementor-widget-hoteller-room-slider\" data-id=\"ad8d44f\" data-element_type=\"widget\" data-e-type=\"widget\" data-settings=\"{&quot;hoteller_ext_link_sidemenu&quot;:&quot;false&quot;,&quot;hoteller_ext_link_fullmenu&quot;:&quot;false&quot;,&quot;hoteller_ext_link_closed_fullmenu&quot;:&quot;false&quot;,&quot;hoteller_ext_is_scrollme&quot;:&quot;false&quot;,&quot;hoteller_ext_is_smoove&quot;:&quot;false&quot;,&quot;hoteller_ext_is_parallax_mouse&quot;:&quot;false&quot;,&quot;hoteller_ext_is_infinite&quot;:&quot;false&quot;,&quot;hoteller_ext_is_fadeout_animation&quot;:&quot;false&quot;,&quot;hoteller_ext_mobile_static&quot;:&quot;false&quot;}\" data-widget_type=\"hoteller-room-slider.default\">\n\t\t\t\t<div class=\"elementor-widget-container\">\n\t\t\t\t\t\n<div class=\"room-slider style3\" id=\"room-style3-69f5c764ee24c\">\n    <div class=\"swiper-slide\">\n        <div class=\"room_slide_wrapper\">\n            <div class=\"room_slide_content\">\n                <h3 class=\"room_slide_title\">\n                    <a href=\"https:\/\/hotellosrios.com\/webvillas\/accommodation\/villas-deluxe\/\">Villas Deluxe<\/a>\n                <\/h3>\n\n                                    <div class=\"room_slide_excerpt\">\n                        Villas Deluxe Esc\u00e1pate a la serenidad y belleza del Caribe costarricense en nuestras exclusivas Villas Deluxe, cada una con piscina...                    <\/div>\n                \n                                    <div class=\"room_amenities\">\n                        <div class=\"amenities-list\">\n                                                            <div class=\"amenity-item\">\n                                    <i class=\"fas fa-snowflake\"><\/i>\n                                    Aire Acondicionado                                <\/div>\n                                                            <div class=\"amenity-item\">\n                                    <i class=\"fas fa-bath\"><\/i>\n                                    Ba\u00f1o Privado                                <\/div>\n                                                            <div class=\"amenity-item\">\n                                    <i class=\"fas fa-check\"><\/i>\n                                    Caja Fuerte                                <\/div>\n                                                            <div class=\"amenity-item\">\n                                    <i class=\"fas fa-check\"><\/i>\n                                    Cocina Equipada                                <\/div>\n                                                            <div class=\"amenity-item\">\n                                    <i class=\"fas fa-check\"><\/i>\n                                    Piscina Privada                                <\/div>\n                                                            <div class=\"amenity-item\">\n                                    <i class=\"fas fa-check\"><\/i>\n                                    Secadora de Cabello                                <\/div>\n                                                            <div class=\"amenity-item\">\n                                    <i class=\"fas fa-check\"><\/i>\n                                    Sillas de sol                                <\/div>\n                                                            <div class=\"amenity-item\">\n                                    <i class=\"fas fa-check\"><\/i>\n                                    TV                                <\/div>\n                                                            <div class=\"amenity-item\">\n                                    <i class=\"fas fa-check\"><\/i>\n                                    Ventilador                                <\/div>\n                                                            <div class=\"amenity-item\">\n                                    <i class=\"fas fa-wifi\"><\/i>\n                                    Wifi de alta velocidad                                <\/div>\n                                                        \n                                                    <\/div>\n                    <\/div>\n                \n                <div class=\"room_slide_price\">\n                                            <span class=\"mphb-price\">\n                            <span class=\"mphb-price\"><span class=\"mphb-currency\">&#36;<\/span>250<\/span> <span class=\"mphb-price-period\" title=\"Establezca las fechas para ver los precios adecuados\">por noche<\/span>                        <\/span>\n                    \n                                            <span class=\"mphb-price-period\">\n                             Por noche                        <\/span>\n                                    <\/div>\n                            \n                <div class=\"room_slide_action\">\n                    <a href=\"https:\/\/hotellosrios.com\/webvillas\/accommodation\/villas-deluxe\/\" class=\"button\">\n                        Ver Detalles                    <\/a>\n                <\/div>\n            <\/div>\n\n            <div class=\"room_slider_gallery\">\n                                    <div class=\"gallery-swiper swiper\">\n                        <div class=\"swiper-wrapper\">\n                                                                <div class=\"swiper-slide\">\n                                        <img decoding=\"async\" src=\"https:\/\/hotellosrios.com\/webvillas\/wp-content\/uploads\/2025\/03\/07122024-_1458036-HDR-Editar-1024x768.jpg\" alt=\"Villas Deluxe\" \/>\n                                    <\/div>\n                                                                    <div class=\"swiper-slide\">\n                                        <img decoding=\"async\" src=\"https:\/\/hotellosrios.com\/webvillas\/wp-content\/uploads\/2025\/03\/07122024-_1458137-HDR-1024x683.jpg\" alt=\"Villas Deluxe\" \/>\n                                    <\/div>\n                                                                    <div class=\"swiper-slide\">\n                                        <img decoding=\"async\" src=\"https:\/\/hotellosrios.com\/webvillas\/wp-content\/uploads\/2025\/03\/07122024-_1458258-Mejorado-NR-1024x683.jpg\" alt=\"Villas Deluxe\" \/>\n                                    <\/div>\n                                                                    <div class=\"swiper-slide\">\n                                        <img decoding=\"async\" src=\"https:\/\/hotellosrios.com\/webvillas\/wp-content\/uploads\/2025\/03\/07122024-_1458260-HDR-Mejorado-NR-1024x683.jpg\" alt=\"Villas Deluxe\" \/>\n                                    <\/div>\n                                                                    <div class=\"swiper-slide\">\n                                        <img decoding=\"async\" src=\"https:\/\/hotellosrios.com\/webvillas\/wp-content\/uploads\/2025\/03\/07122024-_1458256-Mejorado-NR-1024x683.jpg\" alt=\"Villas Deluxe\" \/>\n                                    <\/div>\n                                                                    <div class=\"swiper-slide\">\n                                        <img decoding=\"async\" src=\"https:\/\/hotellosrios.com\/webvillas\/wp-content\/uploads\/2025\/03\/07122024-_1458275-HDR-Mejorado-NR-1024x733.jpg\" alt=\"Villas Deluxe\" \/>\n                                    <\/div>\n                                                                    <div class=\"swiper-slide\">\n                                        <img decoding=\"async\" src=\"https:\/\/hotellosrios.com\/webvillas\/wp-content\/uploads\/2025\/03\/08122024-_1458616-HDR-Mejorado-NR-751x1024.jpg\" alt=\"Villas Deluxe\" \/>\n                                    <\/div>\n                                                        <\/div>\n                        <div class=\"swiper-button-prev\"><\/div>\n                        <div class=\"swiper-button-next\"><\/div>\n                        <div class=\"swiper-pagination\"><\/div>\n                    <\/div>\n                            <\/div>\n        <\/div>\n    <\/div>\n<\/div>\n\n<script>\njQuery(document).ready(function($) {\n    var swiperElement = document.querySelector('#room-style3-69f5c764ee24c .gallery-swiper');\n    if (swiperElement) {\n        new Swiper(swiperElement, {\n            slidesPerView: 1,\n            loop: true,\n            effect: 'fade',\n            fadeEffect: { crossFade: true },\n            autoplay: {\n                delay: 4000,\n                disableOnInteraction: false\n            },\n            navigation: {\n                nextEl: '#room-style3-69f5c764ee24c .swiper-button-next',\n                prevEl: '#room-style3-69f5c764ee24c .swiper-button-prev'\n            },\n            pagination: {\n                el: '#room-style3-69f5c764ee24c .swiper-pagination',\n                clickable: true\n            }\n        });\n    }\n});\n<\/script>\t\t\t\t<\/div>\n\t\t\t\t<\/div>\n\t\t\t\t\t<\/div>\n\t\t\t\t<\/div>\n\t\t<div class=\"elementor-element elementor-element-799d5d3 e-flex e-con-boxed e-con e-parent\" data-id=\"799d5d3\" data-element_type=\"container\" data-e-type=\"container\" data-settings=\"{&quot;hoteller_ext_is_background_parallax&quot;:&quot;false&quot;,&quot;hoteller_ext_is_background_backdrop&quot;:&quot;false&quot;,&quot;hoteller_ext_is_background_on_scroll&quot;:&quot;false&quot;,&quot;hoteller_ext_link_sidemenu&quot;:&quot;false&quot;,&quot;hoteller_ext_link_fullmenu&quot;:&quot;false&quot;,&quot;hoteller_ext_link_closed_fullmenu&quot;:&quot;false&quot;,&quot;hoteller_ext_is_scrollme&quot;:&quot;false&quot;,&quot;hoteller_ext_is_smoove&quot;:&quot;false&quot;,&quot;hoteller_ext_is_parallax_mouse&quot;:&quot;false&quot;,&quot;hoteller_ext_is_infinite&quot;:&quot;false&quot;,&quot;hoteller_ext_is_fadeout_animation&quot;:&quot;false&quot;,&quot;hoteller_ext_mobile_static&quot;:&quot;false&quot;}\">\n\t\t\t\t\t<div class=\"e-con-inner\">\n\t\t\t\t<div class=\"elementor-element elementor-element-bc02fe4 elementor-widget elementor-widget-hoteller-room-slider\" data-id=\"bc02fe4\" data-element_type=\"widget\" data-e-type=\"widget\" data-settings=\"{&quot;hoteller_ext_link_sidemenu&quot;:&quot;false&quot;,&quot;hoteller_ext_link_fullmenu&quot;:&quot;false&quot;,&quot;hoteller_ext_link_closed_fullmenu&quot;:&quot;false&quot;,&quot;hoteller_ext_is_scrollme&quot;:&quot;false&quot;,&quot;hoteller_ext_is_smoove&quot;:&quot;false&quot;,&quot;hoteller_ext_is_parallax_mouse&quot;:&quot;false&quot;,&quot;hoteller_ext_is_infinite&quot;:&quot;false&quot;,&quot;hoteller_ext_is_fadeout_animation&quot;:&quot;false&quot;,&quot;hoteller_ext_mobile_static&quot;:&quot;false&quot;}\" data-widget_type=\"hoteller-room-slider.default\">\n\t\t\t\t<div class=\"elementor-widget-container\">\n\t\t\t\t\t\n<div class=\"room-slider style3\" id=\"room-style3-69f5c7650268e\">\n    <div class=\"swiper-slide\">\n        <div class=\"room_slide_wrapper\">\n            <div class=\"room_slide_content\">\n                <h3 class=\"room_slide_title\">\n                    <a href=\"https:\/\/hotellosrios.com\/webvillas\/accommodation\/villas-accesibles\/\">Villas Accesibles<\/a>\n                <\/h3>\n\n                                    <div class=\"room_slide_excerpt\">\n                        Villas Accesibles Nuestras Villas Accesibles est\u00e1n totalmente equipadas para hu\u00e9spedes en silla de ruedas y cumplen con la Ley 7600...                    <\/div>\n                \n                                    <div class=\"room_amenities\">\n                        <div class=\"amenities-list\">\n                                                            <div class=\"amenity-item\">\n                                    <i class=\"fas fa-snowflake\"><\/i>\n                                    Aire Acondicionado                                <\/div>\n                                                            <div class=\"amenity-item\">\n                                    <i class=\"fas fa-bath\"><\/i>\n                                    Ba\u00f1o Privado                                <\/div>\n                                                            <div class=\"amenity-item\">\n                                    <i class=\"fas fa-check\"><\/i>\n                                    Caja Fuerte                                <\/div>\n                                                            <div class=\"amenity-item\">\n                                    <i class=\"fas fa-check\"><\/i>\n                                    Cocina Equipada                                <\/div>\n                                                            <div class=\"amenity-item\">\n                                    <i class=\"fas fa-check\"><\/i>\n                                    Piscina Privada                                <\/div>\n                                                            <div class=\"amenity-item\">\n                                    <i class=\"fas fa-check\"><\/i>\n                                    Secadora de Cabello                                <\/div>\n                                                            <div class=\"amenity-item\">\n                                    <i class=\"fas fa-check\"><\/i>\n                                    Sillas de sol                                <\/div>\n                                                            <div class=\"amenity-item\">\n                                    <i class=\"fas fa-check\"><\/i>\n                                    TV                                <\/div>\n                                                            <div class=\"amenity-item\">\n                                    <i class=\"fas fa-check\"><\/i>\n                                    Ventilador                                <\/div>\n                                                            <div class=\"amenity-item\">\n                                    <i class=\"fas fa-wifi\"><\/i>\n                                    Wifi de alta velocidad                                <\/div>\n                                                        \n                                                    <\/div>\n                    <\/div>\n                \n                <div class=\"room_slide_price\">\n                                            <span class=\"mphb-price\">\n                            <span class=\"mphb-price\"><span class=\"mphb-currency\">&#36;<\/span>250<\/span> <span class=\"mphb-price-period\" title=\"Establezca las fechas para ver los precios adecuados\">por noche<\/span>                        <\/span>\n                    \n                                            <span class=\"mphb-price-period\">\n                            Por noche                        <\/span>\n                                    <\/div>\n                            \n                <div class=\"room_slide_action\">\n                    <a href=\"https:\/\/hotellosrios.com\/webvillas\/accommodation\/villas-accesibles\/\" class=\"button\">\n                        Ver Detalles                    <\/a>\n                <\/div>\n            <\/div>\n\n            <div class=\"room_slider_gallery\">\n                                    <div class=\"gallery-swiper swiper\">\n                        <div class=\"swiper-wrapper\">\n                                                                <div class=\"swiper-slide\">\n                                        <img decoding=\"async\" src=\"https:\/\/hotellosrios.com\/webvillas\/wp-content\/uploads\/2025\/03\/08122024-_1458434-HDR-Mejorado-NR-834x1024.jpg\" alt=\"Villas Accesibles\" \/>\n                                    <\/div>\n                                                                    <div class=\"swiper-slide\">\n                                        <img decoding=\"async\" src=\"https:\/\/hotellosrios.com\/webvillas\/wp-content\/uploads\/2025\/03\/08122024-_1468775-HDR-Editar-1024x768.jpg\" alt=\"Villas Accesibles\" \/>\n                                    <\/div>\n                                                                    <div class=\"swiper-slide\">\n                                        <img decoding=\"async\" src=\"https:\/\/hotellosrios.com\/webvillas\/wp-content\/uploads\/2025\/03\/08122024-_1458640-HDR-Mejorado-NR-615x1024.jpg\" alt=\"Villas Accesibles\" \/>\n                                    <\/div>\n                                                                    <div class=\"swiper-slide\">\n                                        <img decoding=\"async\" src=\"https:\/\/hotellosrios.com\/webvillas\/wp-content\/uploads\/2025\/03\/08122024-_1458461-HDR-1024x683.jpg\" alt=\"Villas Accesibles\" \/>\n                                    <\/div>\n                                                                    <div class=\"swiper-slide\">\n                                        <img decoding=\"async\" src=\"https:\/\/hotellosrios.com\/webvillas\/wp-content\/uploads\/2025\/03\/08122024-_1458458-HDR-1024x683.jpg\" alt=\"Villas Accesibles\" \/>\n                                    <\/div>\n                                                        <\/div>\n                        <div class=\"swiper-button-prev\"><\/div>\n                        <div class=\"swiper-button-next\"><\/div>\n                        <div class=\"swiper-pagination\"><\/div>\n                    <\/div>\n                            <\/div>\n        <\/div>\n    <\/div>\n<\/div>\n\n<script>\njQuery(document).ready(function($) {\n    var swiperElement = document.querySelector('#room-style3-69f5c7650268e .gallery-swiper');\n    if (swiperElement) {\n        new Swiper(swiperElement, {\n            slidesPerView: 1,\n            loop: true,\n            effect: 'fade',\n            fadeEffect: { crossFade: true },\n            autoplay: {\n                delay: 4000,\n                disableOnInteraction: false\n            },\n            navigation: {\n                nextEl: '#room-style3-69f5c7650268e .swiper-button-next',\n                prevEl: '#room-style3-69f5c7650268e .swiper-button-prev'\n            },\n            pagination: {\n                el: '#room-style3-69f5c7650268e .swiper-pagination',\n                clickable: true\n            }\n        });\n    }\n});\n<\/script>\t\t\t\t<\/div>\n\t\t\t\t<\/div>\n\t\t\t\t\t<\/div>\n\t\t\t\t<\/div>\n\t\t\t\t<\/div>\n\t\t","protected":false},"excerpt":{"rendered":"<p>Nuestras Villas Ubicadas en el coraz\u00f3n del Caribe costarricense, nuestras exclusivas villas en Villas R\u00edos del Caribe ofrecen el equilibrio perfecto entre lujo, comodidad y naturaleza. Dise\u00f1adas para brindar una experiencia inolvidable, cada villa cuenta con interiores amplios, comodidades modernas [&hellip;]<\/p>\n","protected":false},"author":1,"featured_media":0,"parent":0,"menu_order":0,"comment_status":"closed","ping_status":"closed","template":"elementor_header_footer","meta":{"footnotes":""},"class_list":["post-199","page","type-page","status-publish","hentry"],"_links":{"self":[{"href":"https:\/\/hotellosrios.com\/webvillas\/wp-json\/wp\/v2\/pages\/199","targetHints":{"allow":["GET"]}}],"collection":[{"href":"https:\/\/hotellosrios.com\/webvillas\/wp-json\/wp\/v2\/pages"}],"about":[{"href":"https:\/\/hotellosrios.com\/webvillas\/wp-json\/wp\/v2\/types\/page"}],"author":[{"embeddable":true,"href":"https:\/\/hotellosrios.com\/webvillas\/wp-json\/wp\/v2\/users\/1"}],"replies":[{"embeddable":true,"href":"https:\/\/hotellosrios.com\/webvillas\/wp-json\/wp\/v2\/comments?post=199"}],"version-history":[{"count":55,"href":"https:\/\/hotellosrios.com\/webvillas\/wp-json\/wp\/v2\/pages\/199\/revisions"}],"predecessor-version":[{"id":618,"href":"https:\/\/hotellosrios.com\/webvillas\/wp-json\/wp\/v2\/pages\/199\/revisions\/618"}],"wp:attachment":[{"href":"https:\/\/hotellosrios.com\/webvillas\/wp-json\/wp\/v2\/media?parent=199"}],"curies":[{"name":"wp","href":"https:\/\/api.w.org\/{rel}","templated":true}]}}